{"id":65,"date":"2020-06-09T08:58:53","date_gmt":"2020-06-09T06:58:53","guid":{"rendered":"https:\/\/www.tlm-belts.com\/?page_id=65"},"modified":"2024-06-13T15:16:27","modified_gmt":"2024-06-13T13:16:27","slug":"b2b-shop","status":"publish","type":"page","link":"https:\/\/www.tlm-belts.com\/de\/b2b-shop\/","title":{"rendered":"B2B Shop"},"content":{"rendered":"\t\t<div data-elementor-type=\"wp-page\" data-elementor-id=\"65\" class=\"elementor elementor-65\">\n\t\t\t\t\t\t<section class=\"elementor-section elementor-top-section elementor-element elementor-element-78b1daf scheme_light elementor-section-boxed elementor-section-height-default elementor-section-height-default sc_fly_static\" data-id=\"78b1daf\" data-element_type=\"section\" data-e-type=\"section\" data-settings=\"{&quot;background_background&quot;:&quot;classic&quot;}\">\n\t\t\t\t\t\t<div class=\"elementor-container elementor-column-gap-default\">\n\t\t\t\t\t<div class=\"elementor-column elementor-col-50 elementor-top-column elementor-element elementor-element-834522a sc_content_align_inherit sc_layouts_column_icons_position_left sc_fly_static\" data-id=\"834522a\" data-element_type=\"column\" data-e-type=\"column\">\n\t\t\t<div class=\"elementor-widget-wrap elementor-element-populated\">\n\t\t\t\t\t\t<div class=\"elementor-element elementor-element-114a317 sc_fly_static elementor-widget elementor-widget-heading\" data-id=\"114a317\" data-element_type=\"widget\" data-e-type=\"widget\" data-widget_type=\"heading.default\">\n\t\t\t\t<div class=\"elementor-widget-container\">\n\t\t\t\t\t<h2 class=\"elementor-heading-title elementor-size-default\">F\u00fcllen Sie unser NeukundInnen Formular vollst\u00e4ndig aus um sich bei uns zu registrieren.<\/h2>\t\t\t\t<\/div>\n\t\t\t\t<\/div>\n\t\t\t\t<div class=\"elementor-element elementor-element-3c1dc47 sc_fly_static elementor-widget elementor-widget-text-editor\" data-id=\"3c1dc47\" data-element_type=\"widget\" data-e-type=\"widget\" data-widget_type=\"text-editor.default\">\n\t\t\t\t<div class=\"elementor-widget-container\">\n\t\t\t\t\t\t\t\t\t<p style=\"font-weight: 400;\">Innerhalb der n\u00e4chsten 24 Stunden erhalten Sie eine KundInnen Nummer und Ihren B2B Shop Zugang.<br \/>Bei Fragen wenden Sie sich gerne direkt an <a href=\"mailto:B2B@tlm-belts.com\">B2B@tlm-belts.com<\/a><\/p>\t\t\t\t\t\t\t\t<\/div>\n\t\t\t\t<\/div>\n\t\t\t\t\t<\/div>\n\t\t<\/div>\n\t\t\t\t<div class=\"elementor-column elementor-col-50 elementor-top-column elementor-element elementor-element-6fa94ea scheme_default sc_content_align_inherit sc_layouts_column_icons_position_left sc_fly_static\" data-id=\"6fa94ea\" data-element_type=\"column\" data-e-type=\"column\">\n\t\t\t<div class=\"elementor-widget-wrap elementor-element-populated\">\n\t\t\t\t\t\t<section class=\"elementor-section elementor-inner-section elementor-element elementor-element-d9b5d34 elementor-section-boxed elementor-section-height-default elementor-section-height-default sc_fly_static\" data-id=\"d9b5d34\" data-element_type=\"section\" data-e-type=\"section\">\n\t\t\t\t\t\t<div class=\"elementor-container elementor-column-gap-no\">\n\t\t\t\t\t<div class=\"elementor-column elementor-col-100 elementor-inner-column elementor-element elementor-element-1e98272 sc-mobile_layouts_column_align_left sc_layouts_column sc_content_align_inherit sc_layouts_column_icons_position_left sc_fly_static\" data-id=\"1e98272\" data-element_type=\"column\" data-e-type=\"column\">\n\t\t\t<div class=\"elementor-widget-wrap elementor-element-populated\">\n\t\t\t\t\t\t<div class=\"elementor-element elementor-element-ea4e44f newcustomerbuttonb2b sc_fly_static elementor-widget elementor-widget-trx_sc_button\" data-id=\"ea4e44f\" data-element_type=\"widget\" data-e-type=\"widget\" data-widget_type=\"trx_sc_button.default\">\n\t\t\t\t<div class=\"elementor-widget-container\">\n\t\t\t\t\t<div\tclass=\"sc_item_button sc_button_wrap sc_align_center\" ><a href=\"https:\/\/www.tlm-belts.com\/neukund-innerfomular\/\" class=\"sc_button sc_button_default sc_button_size_normal sc_button_icon_left\" target=\"_blank\" ><span class=\"sc_button_text\"><span class=\"sc_button_title\">Neukund-Innenformular (DE)<\/span><\/span><\/a><\/div>\t\t\t\t<\/div>\n\t\t\t\t<\/div>\n\t\t\t\t\t<\/div>\n\t\t<\/div>\n\t\t\t\t\t<\/div>\n\t\t<\/section>\n\t\t\t\t<section class=\"elementor-section elementor-inner-section elementor-element elementor-element-9095ef7 elementor-section-boxed elementor-section-height-default elementor-section-height-default sc_fly_static\" data-id=\"9095ef7\" data-element_type=\"section\" data-e-type=\"section\">\n\t\t\t\t\t\t<div class=\"elementor-container elementor-column-gap-no\">\n\t\t\t\t\t<div class=\"elementor-column elementor-col-100 elementor-inner-column elementor-element elementor-element-847b88d sc-mobile_layouts_column_align_left sc_layouts_column sc_content_align_inherit sc_layouts_column_icons_position_left sc_fly_static\" data-id=\"847b88d\" data-element_type=\"column\" data-e-type=\"column\">\n\t\t\t<div class=\"elementor-widget-wrap elementor-element-populated\">\n\t\t\t\t\t\t<div class=\"elementor-element elementor-element-7ab9b21 newcustomerbuttonb2b sc_fly_static elementor-widget elementor-widget-trx_sc_button\" data-id=\"7ab9b21\" data-element_type=\"widget\" data-e-type=\"widget\" data-widget_type=\"trx_sc_button.default\">\n\t\t\t\t<div class=\"elementor-widget-container\">\n\t\t\t\t\t<div\tclass=\"sc_item_button sc_button_wrap sc_align_center\" ><a href=\"https:\/\/www.tlm-belts.com\/new-customer-form\/\" class=\"sc_button sc_button_default sc_button_size_normal sc_button_icon_left\" target=\"_blank\" ><span class=\"sc_button_text\"><span class=\"sc_button_title\">New Customer Form (EN)<\/span><\/span><\/a><\/div>\t\t\t\t<\/div>\n\t\t\t\t<\/div>\n\t\t\t\t\t<\/div>\n\t\t<\/div>\n\t\t\t\t\t<\/div>\n\t\t<\/section>\n\t\t\t\t\t<\/div>\n\t\t<\/div>\n\t\t\t\t\t<\/div>\n\t\t<\/section>\n\t\t\t\t<section class=\"elementor-section elementor-top-section elementor-element elementor-element-59b4a36 elementor-section-full_width scheme_dark elementor-section-height-min-height elementor-section-height-default elementor-section-items-middle sc_fly_static\" data-id=\"59b4a36\" data-element_type=\"section\" data-e-type=\"section\" data-settings=\"{&quot;background_background&quot;:&quot;classic&quot;}\">\n\t\t\t\t\t\t\t<div class=\"elementor-background-overlay\"><\/div>\n\t\t\t\t\t\t\t<div class=\"elementor-container elementor-column-gap-extended\">\n\t\t\t\t\t<div class=\"elementor-column elementor-col-100 elementor-top-column elementor-element elementor-element-caa7052 sc_content_align_inherit sc_layouts_column_icons_position_left sc_fly_static\" data-id=\"caa7052\" data-element_type=\"column\" data-e-type=\"column\">\n\t\t\t<div class=\"elementor-widget-wrap elementor-element-populated\">\n\t\t\t\t\t\t<section class=\"elementor-section elementor-inner-section elementor-element elementor-element-ab177b6 elementor-section-boxed elementor-section-height-default elementor-section-height-default sc_fly_static\" data-id=\"ab177b6\" data-element_type=\"section\" data-e-type=\"section\">\n\t\t\t\t\t\t<div class=\"elementor-container elementor-column-gap-extended\">\n\t\t\t\t\t<div class=\"elementor-column elementor-col-16 elementor-inner-column elementor-element elementor-element-3ef6848 sc_content_align_inherit sc_layouts_column_icons_position_left sc_fly_static\" data-id=\"3ef6848\" data-element_type=\"column\" data-e-type=\"column\">\n\t\t\t<div class=\"elementor-widget-wrap\">\n\t\t\t\t\t\t\t<\/div>\n\t\t<\/div>\n\t\t\t\t<div class=\"elementor-column elementor-col-66 elementor-inner-column elementor-element elementor-element-1ad2111 sc_content_align_inherit sc_layouts_column_icons_position_left sc_fly_static\" data-id=\"1ad2111\" data-element_type=\"column\" data-e-type=\"column\">\n\t\t\t<div class=\"elementor-widget-wrap elementor-element-populated\">\n\t\t\t\t\t\t<div class=\"elementor-element elementor-element-bc3a073 sc_fly_static elementor-widget elementor-widget-trx_sc_title\" data-id=\"bc3a073\" data-element_type=\"widget\" data-e-type=\"widget\" data-widget_type=\"trx_sc_title.default\">\n\t\t\t\t<div class=\"elementor-widget-container\">\n\t\t\t\t\t<div\t\tclass=\"sc_title color_style_dark sc_title_default\" ><h1 class=\"sc_item_title sc_title_title sc_align_center sc_item_title_style_default sc_item_title_tag\"\n\t\t\t><span class=\"sc_item_title_text\">Der Tieworker Leather Manufacturer u.a. Lizenzpartner von Cinque, geh\u00f6rt zu  der MONTI-Gruppe und bedient Fachh\u00e4ndler in ganz Europa<\/span><\/h1><\/div>\t\t\t\t<\/div>\n\t\t\t\t<\/div>\n\t\t\t\t<div class=\"elementor-element elementor-element-c16e2e1 b2bshop sc_fly_static elementor-widget elementor-widget-trx_sc_button\" data-id=\"c16e2e1\" data-element_type=\"widget\" data-e-type=\"widget\" data-widget_type=\"trx_sc_button.default\">\n\t\t\t\t<div class=\"elementor-widget-container\">\n\t\t\t\t\t<div\tclass=\"sc_item_button sc_button_wrap sc_align_center\" ><a href=\"https:\/\/orderbook.smartview360.com\/#\/login\" class=\"sc_button sc_button_default sc_button_size_normal sc_button_icon_left\" target=\"_blank\" ><span class=\"sc_button_text\"><span class=\"sc_button_title\">B2B SHOP<\/span><\/span><\/a><\/div>\t\t\t\t<\/div>\n\t\t\t\t<\/div>\n\t\t\t\t\t<\/div>\n\t\t<\/div>\n\t\t\t\t<div class=\"elementor-column elementor-col-16 elementor-inner-column elementor-element elementor-element-98dbfc7 sc_content_align_inherit sc_layouts_column_icons_position_left sc_fly_static\" data-id=\"98dbfc7\" data-element_type=\"column\" data-e-type=\"column\">\n\t\t\t<div class=\"elementor-widget-wrap\">\n\t\t\t\t\t\t\t<\/div>\n\t\t<\/div>\n\t\t\t\t\t<\/div>\n\t\t<\/section>\n\t\t\t\t\t<\/div>\n\t\t<\/div>\n\t\t\t\t\t<\/div>\n\t\t<\/section>\n\t\t\t\t<section class=\"elementor-section elementor-top-section elementor-element elementor-element-108449e elementor-section-boxed elementor-section-height-default elementor-section-height-default sc_fly_static\" data-id=\"108449e\" data-element_type=\"section\" data-e-type=\"section\">\n\t\t\t\t\t\t<div class=\"elementor-container elementor-column-gap-extended\">\n\t\t\t\t\t<div class=\"elementor-column elementor-col-100 elementor-top-column elementor-element elementor-element-81e9c51 sc_content_align_inherit sc_layouts_column_icons_position_left sc_fly_static\" data-id=\"81e9c51\" data-element_type=\"column\" data-e-type=\"column\">\n\t\t\t<div class=\"elementor-widget-wrap elementor-element-populated\">\n\t\t\t\t\t\t<div class=\"elementor-element elementor-element-a7b195d sc_fly_static elementor-widget elementor-widget-heading\" data-id=\"a7b195d\" data-element_type=\"widget\" data-e-type=\"widget\" data-widget_type=\"heading.default\">\n\t\t\t\t<div class=\"elementor-widget-container\">\n\t\t\t\t\t<h2 class=\"elementor-heading-title elementor-size-default\">Das Handbuch<\/h2>\t\t\t\t<\/div>\n\t\t\t\t<\/div>\n\t\t\t\t\t<\/div>\n\t\t<\/div>\n\t\t\t\t\t<\/div>\n\t\t<\/section>\n\t\t\t\t<section class=\"elementor-section elementor-top-section elementor-element elementor-element-168c11b elementor-section-boxed elementor-section-height-default elementor-section-height-default sc_fly_static\" data-id=\"168c11b\" data-element_type=\"section\" data-e-type=\"section\">\n\t\t\t\t\t\t<div class=\"elementor-container elementor-column-gap-extended\">\n\t\t\t\t\t<div class=\"elementor-column elementor-col-50 elementor-top-column elementor-element elementor-element-13336d2 sc_content_align_inherit sc_layouts_column_icons_position_left sc_fly_static\" data-id=\"13336d2\" data-element_type=\"column\" data-e-type=\"column\">\n\t\t\t<div class=\"elementor-widget-wrap elementor-element-populated\">\n\t\t\t\t\t\t<div class=\"elementor-element elementor-element-b697da3 sc_fly_static elementor-widget elementor-widget-heading\" data-id=\"b697da3\" data-element_type=\"widget\" data-e-type=\"widget\" data-widget_type=\"heading.default\">\n\t\t\t\t<div class=\"elementor-widget-container\">\n\t\t\t\t\t<h5 class=\"elementor-heading-title elementor-size-default\">SmartView360 Package<\/h5>\t\t\t\t<\/div>\n\t\t\t\t<\/div>\n\t\t\t\t<div class=\"elementor-element elementor-element-4d1ed31 sc_fly_static elementor-widget elementor-widget-trx_widget_video\" data-id=\"4d1ed31\" data-element_type=\"widget\" data-e-type=\"widget\" data-widget_type=\"trx_widget_video.default\">\n\t\t\t\t<div class=\"elementor-widget-container\">\n\t\t\t\t\t<div class=\"widget_area sc_widget_video\"><aside class=\"widget widget_video\"><div id=\"sc_video_1414883126\" class=\"trx_addons_video_player with_cover hover_play\"><img data-recalc-dims=\"1\" fetchpriority=\"high\" decoding=\"async\" src=\"https:\/\/i0.wp.com\/www.tlm-belts.com\/wp-content\/uploads\/2022\/10\/pexels-pixabay-89783.jpg?resize=1290%2C811\" alt=\"Video cover\" width=\"1290\" height=\"811\"><div class=\"video_mask\"><\/div><a class=\"video_hover trx_addons_popup_link\" href=\"#sc_video_1414883126_popup\"><\/a><\/div><!-- .sc_layouts_popup --><div id=\"sc_video_1414883126_popup\" class=\"sc_layouts_popup\"><div id=\"sc_video_1414883126_popup_player\" class=\"trx_addons_video_player without_cover\"><div class=\"video_embed video_frame\"><iframe allow=\"autoplay\" data-src=\"https:\/\/www.youtube.com\/embed\/xBkjjGP7YDo?feature=oembed&%23038%3Bwmode=transparent&%23038%3Borigin=https%3A%2F%2Fwww.tlm-belts.com%2Fde&%23038%3Bwidgetid=1&%23038%3Benablejsapi=1&%23038%3Bdisablekb=1&%23038%3Bmodestbranding=1&%23038%3Biv_load_policy=3&%23038%3Brel=0&%23038%3Bshowinfo=0&%23038%3Bplaysinline=1&autoplay=1\" width=\"840\" height=\"473\"><\/iframe><\/div><\/div><\/div><\/aside><\/div>\t\t\t\t<\/div>\n\t\t\t\t<\/div>\n\t\t\t\t\t<\/div>\n\t\t<\/div>\n\t\t\t\t<div class=\"elementor-column elementor-col-50 elementor-top-column elementor-element elementor-element-ef36b25 sc_content_align_inherit sc_layouts_column_icons_position_left sc_fly_static\" data-id=\"ef36b25\" data-element_type=\"column\" data-e-type=\"column\">\n\t\t\t<div class=\"elementor-widget-wrap elementor-element-populated\">\n\t\t\t\t\t\t<div class=\"elementor-element elementor-element-7f82629 sc_fly_static elementor-widget elementor-widget-heading\" data-id=\"7f82629\" data-element_type=\"widget\" data-e-type=\"widget\" data-widget_type=\"heading.default\">\n\t\t\t\t<div class=\"elementor-widget-container\">\n\t\t\t\t\t<h5 class=\"elementor-heading-title elementor-size-default\">B2B Shop Anleitung Guide<\/h5>\t\t\t\t<\/div>\n\t\t\t\t<\/div>\n\t\t\t\t<div class=\"elementor-element elementor-element-349b134 sc_fly_static elementor-widget elementor-widget-trx_widget_video\" data-id=\"349b134\" data-element_type=\"widget\" data-e-type=\"widget\" data-widget_type=\"trx_widget_video.default\">\n\t\t\t\t<div class=\"elementor-widget-container\">\n\t\t\t\t\t<div class=\"widget_area sc_widget_video\"><aside class=\"widget widget_video\"><div id=\"sc_video_735308326\" class=\"trx_addons_video_player with_cover hover_play\"><img data-recalc-dims=\"1\" fetchpriority=\"high\" decoding=\"async\" src=\"https:\/\/i0.wp.com\/www.tlm-belts.com\/wp-content\/uploads\/2022\/10\/pexels-pixabay-89783.jpg?resize=1290%2C811\" alt=\"Video cover\" width=\"1290\" height=\"811\"><div class=\"video_mask\"><\/div><a class=\"video_hover trx_addons_popup_link\" href=\"#sc_video_735308326_popup\"><\/a><\/div><!-- .sc_layouts_popup --><div id=\"sc_video_735308326_popup\" class=\"sc_layouts_popup\"><div id=\"sc_video_735308326_popup_player\" class=\"trx_addons_video_player without_cover\"><div class=\"video_embed video_frame\"><iframe allow=\"autoplay\" data-src=\"https:\/\/www.youtube.com\/embed\/1s42YEBrPAU?feature=oembed&%23038%3Bwmode=transparent&%23038%3Borigin=https%3A%2F%2Fwww.tlm-belts.com%2Fde&%23038%3Bwidgetid=1&%23038%3Benablejsapi=1&%23038%3Bdisablekb=1&%23038%3Bmodestbranding=1&%23038%3Biv_load_policy=3&%23038%3Brel=0&%23038%3Bshowinfo=0&%23038%3Bplaysinline=1&autoplay=1\" width=\"840\" height=\"473\"><\/iframe><\/div><\/div><\/div><\/aside><\/div>\t\t\t\t<\/div>\n\t\t\t\t<\/div>\n\t\t\t\t\t<\/div>\n\t\t<\/div>\n\t\t\t\t\t<\/div>\n\t\t<\/section>\n\t\t\t\t<section class=\"elementor-section elementor-top-section elementor-element elementor-element-943e5f6 elementor-section-boxed elementor-section-height-default elementor-section-height-default sc_fly_static\" data-id=\"943e5f6\" data-element_type=\"section\" data-e-type=\"section\">\n\t\t\t\t\t\t<div class=\"elementor-container elementor-column-gap-extended\">\n\t\t\t\t\t<div class=\"elementor-column elementor-col-100 elementor-top-column elementor-element elementor-element-351c82d sc_content_align_inherit sc_layouts_column_icons_position_left sc_fly_static\" data-id=\"351c82d\" data-element_type=\"column\" data-e-type=\"column\">\n\t\t\t<div class=\"elementor-widget-wrap elementor-element-populated\">\n\t\t\t\t\t\t<div class=\"elementor-element elementor-element-47245e1 sc_fly_static elementor-widget elementor-widget-heading\" data-id=\"47245e1\" data-element_type=\"widget\" data-e-type=\"widget\" data-widget_type=\"heading.default\">\n\t\t\t\t<div class=\"elementor-widget-container\">\n\t\t\t\t\t<h5 class=\"elementor-heading-title elementor-size-default\">Kurzanleitung<\/h5>\t\t\t\t<\/div>\n\t\t\t\t<\/div>\n\t\t\t\t<div class=\"elementor-element elementor-element-f7250f0 tabs_style_2 elementor-tabs-view-horizontal sc_fly_static elementor-widget elementor-widget-tabs\" data-id=\"f7250f0\" data-element_type=\"widget\" data-e-type=\"widget\" data-widget_type=\"tabs.default\">\n\t\t\t\t<div class=\"elementor-widget-container\">\n\t\t\t\t\t\t\t<div class=\"elementor-tabs\">\n\t\t\t<div class=\"elementor-tabs-wrapper\" role=\"tablist\" >\n\t\t\t\t\t\t\t\t\t<div id=\"elementor-tab-title-2591\" class=\"elementor-tab-title elementor-tab-desktop-title\" aria-selected=\"true\" data-tab=\"1\" role=\"tab\" tabindex=\"0\" aria-controls=\"elementor-tab-content-2591\" aria-expanded=\"false\">DE<\/div>\n\t\t\t\t\t\t\t\t\t<div id=\"elementor-tab-title-2592\" class=\"elementor-tab-title elementor-tab-desktop-title\" aria-selected=\"false\" data-tab=\"2\" role=\"tab\" tabindex=\"-1\" aria-controls=\"elementor-tab-content-2592\" aria-expanded=\"false\">EN<\/div>\n\t\t\t\t\t\t\t<\/div>\n\t\t\t<div class=\"elementor-tabs-content-wrapper\" role=\"tablist\" aria-orientation=\"vertical\">\n\t\t\t\t\t\t\t\t\t<div class=\"elementor-tab-title elementor-tab-mobile-title\" aria-selected=\"true\" data-tab=\"1\" role=\"tab\" tabindex=\"0\" aria-controls=\"elementor-tab-content-2591\" aria-expanded=\"false\">DE<\/div>\n\t\t\t\t\t<div id=\"elementor-tab-content-2591\" class=\"elementor-tab-content elementor-clearfix\" data-tab=\"1\" role=\"tabpanel\" aria-labelledby=\"elementor-tab-title-2591\" tabindex=\"0\" hidden=\"false\"><p><a href=\"https:\/\/www.tlm-belts.com\/wp-content\/uploads\/2022\/03\/OrderBOOK-Web-Version-DE-Kurzanleitung.pdf\" target=\"_blank\" rel=\"noopener\">WEB Version (DE)<\/a><\/p><p><a href=\"https:\/\/www.tlm-belts.com\/wp-content\/uploads\/2022\/03\/OrderBOOK-iPad-App-Version-Kurzanleitung-DE.pdf\" target=\"_blank\" rel=\"noopener\">iPad Version (DE)<\/a><\/p><\/div>\n\t\t\t\t\t\t\t\t\t<div class=\"elementor-tab-title elementor-tab-mobile-title\" aria-selected=\"false\" data-tab=\"2\" role=\"tab\" tabindex=\"-1\" aria-controls=\"elementor-tab-content-2592\" aria-expanded=\"false\">EN<\/div>\n\t\t\t\t\t<div id=\"elementor-tab-content-2592\" class=\"elementor-tab-content elementor-clearfix\" data-tab=\"2\" role=\"tabpanel\" aria-labelledby=\"elementor-tab-title-2592\" tabindex=\"0\" hidden=\"hidden\"><p><a href=\"https:\/\/www.tlm-belts.com\/wp-content\/uploads\/2022\/03\/OrderBOOK-Web-Version-ENG-Quick-Guide.pdf\" target=\"_blank\" rel=\"noopener\">WEB Version (EN)<\/a><\/p><p><a href=\"https:\/\/www.tlm-belts.com\/wp-content\/uploads\/2022\/03\/OrderBOOK-iPad-App-Version-Quick-Guide-ENG.pdf\" target=\"_blank\" rel=\"noopener\">iPad Version (EN)<\/a><\/p><\/div>\n\t\t\t\t\t\t\t<\/div>\n\t\t<\/div>\n\t\t\t\t\t\t<\/div>\n\t\t\t\t<\/div>\n\t\t\t\t\t<\/div>\n\t\t<\/div>\n\t\t\t\t\t<\/div>\n\t\t<\/section>\n\t\t\t\t<\/div>\n\t\t","protected":false},"excerpt":{"rendered":"<p>F\u00fcllen Sie unser NeukundInnen Formular vollst\u00e4ndig aus um sich bei uns zu registrieren. Innerhalb der n\u00e4chsten 24 Stunden erhalten Sie eine KundInnen Nummer und Ihren B2B Shop Zugang.Bei Fragen wenden&hellip;<\/p>\n","protected":false},"author":1,"featured_media":0,"parent":0,"menu_order":0,"comment_status":"closed","ping_status":"closed","template":"","meta":{"footnotes":""},"class_list":["post-65","page","type-page","status-publish","hentry"],"jetpack_sharing_enabled":true,"_links":{"self":[{"href":"https:\/\/www.tlm-belts.com\/de\/wp-json\/wp\/v2\/pages\/65","targetHints":{"allow":["GET"]}}],"collection":[{"href":"https:\/\/www.tlm-belts.com\/de\/wp-json\/wp\/v2\/pages"}],"about":[{"href":"https:\/\/www.tlm-belts.com\/de\/wp-json\/wp\/v2\/types\/page"}],"author":[{"embeddable":true,"href":"https:\/\/www.tlm-belts.com\/de\/wp-json\/wp\/v2\/users\/1"}],"replies":[{"embeddable":true,"href":"https:\/\/www.tlm-belts.com\/de\/wp-json\/wp\/v2\/comments?post=65"}],"version-history":[{"count":417,"href":"https:\/\/www.tlm-belts.com\/de\/wp-json\/wp\/v2\/pages\/65\/revisions"}],"predecessor-version":[{"id":4957,"href":"https:\/\/www.tlm-belts.com\/de\/wp-json\/wp\/v2\/pages\/65\/revisions\/4957"}],"wp:attachment":[{"href":"https:\/\/www.tlm-belts.com\/de\/wp-json\/wp\/v2\/media?parent=65"}],"curies":[{"name":"wp","href":"https:\/\/api.w.org\/{rel}","templated":true}]}}