{"id":711,"date":"2020-07-23T08:45:29","date_gmt":"2020-07-23T06:45:29","guid":{"rendered":"https:\/\/www.tlm-belts.com\/?page_id=711"},"modified":"2022-11-14T13:32:37","modified_gmt":"2022-11-14T12:32:37","slug":"impressum","status":"publish","type":"page","link":"https:\/\/www.tlm-belts.com\/de\/impressum\/","title":{"rendered":"Impressum"},"content":{"rendered":"<style>\/*! elementor - v3.6.8 - 27-07-2022 *\/<br \/>\n.elementor-heading-title{padding:0;margin:0;line-height:1}.elementor-widget-heading .elementor-heading-title[class*=elementor-size-]>a{color:inherit;font-size:inherit;line-height:inherit}.elementor-widget-heading .elementor-heading-title.elementor-size-small{font-size:15px}.elementor-widget-heading .elementor-heading-title.elementor-size-medium{font-size:19px}.elementor-widget-heading .elementor-heading-title.elementor-size-large{font-size:29px}.elementor-widget-heading .elementor-heading-title.elementor-size-xl{font-size:39px}.elementor-widget-heading .elementor-heading-title.elementor-size-xxl{font-size:59px}<\/style>\n<h5>TLM Tieworker Leather Manufacturer GmbH<\/h5>\n<p>Die\u00dfemer Bruch 170-172<br \/>\nInhaber: Jens Nolte<br \/>\n47805 Krefeld<\/p>\n<h5>Gesch\u00e4ftsf\u00fchrung<\/h5>\n<p>Jens Nolte<\/p>\n<h5>Telefonnummer<\/h5>\n<p>02151\/558936<\/p>\n<h5>E-Mailadresse<\/h5>\n<p>b2b@tlm-belts.com<\/p>\n<h5>Registergericht &amp; Registernummer<\/h5>\n<p>Amtsgericht Krefeld: HRB 3681<\/p>\n<h5>Umsatzsteuer-Identifikationsnummer<\/h5>\n<p>DE811 578 058<\/p>\n<h5>Inhaltlich verantwortlich<\/h5>\n<p>Moritz Nolte<\/p>\n<p>Die\u00dfemer Bruch 170-172<br \/>\nInhaber: Jens Nolte<br \/>\n47805 Krefeld<\/p>\n<p>Plattform der Europ\u00e4ischen Kommission zur Online-Streitbeilegung (OS) f\u00fcr Verbraucher: <a href=\"http:\/\/ec.europa.eu\/consumers\/odr\/\">http:\/\/ec.europa.eu\/consumers\/odr\/<\/a>. Wir sind nicht bereit und nicht verpflichtet an einem Streitbeilegungsverfahren vor einer Verbraucherschlichtungsstelle teilzunehmen.<\/p>\n","protected":false},"excerpt":{"rendered":"<p>TLM Tieworker Leather Manufacturer GmbH Die\u00dfemer Bruch 170-172 Inhaber: Jens Nolte 47805 Krefeld Gesch\u00e4ftsf\u00fchrung Jens Nolte Telefonnummer 02151\/558936 E-Mailadresse b2b@tlm-belts.com Registergericht &amp; Registernummer Amtsgericht Krefeld: HRB 3681 Umsatzsteuer-Identifikationsnummer DE811 578&hellip;<\/p>\n","protected":false},"author":1,"featured_media":0,"parent":0,"menu_order":0,"comment_status":"closed","ping_status":"closed","template":"","meta":{"footnotes":""},"class_list":["post-711","page","type-page","status-publish","hentry"],"jetpack_sharing_enabled":true,"_links":{"self":[{"href":"https:\/\/www.tlm-belts.com\/de\/wp-json\/wp\/v2\/pages\/711","targetHints":{"allow":["GET"]}}],"collection":[{"href":"https:\/\/www.tlm-belts.com\/de\/wp-json\/wp\/v2\/pages"}],"about":[{"href":"https:\/\/www.tlm-belts.com\/de\/wp-json\/wp\/v2\/types\/page"}],"author":[{"embeddable":true,"href":"https:\/\/www.tlm-belts.com\/de\/wp-json\/wp\/v2\/users\/1"}],"replies":[{"embeddable":true,"href":"https:\/\/www.tlm-belts.com\/de\/wp-json\/wp\/v2\/comments?post=711"}],"version-history":[{"count":40,"href":"https:\/\/www.tlm-belts.com\/de\/wp-json\/wp\/v2\/pages\/711\/revisions"}],"predecessor-version":[{"id":3253,"href":"https:\/\/www.tlm-belts.com\/de\/wp-json\/wp\/v2\/pages\/711\/revisions\/3253"}],"wp:attachment":[{"href":"https:\/\/www.tlm-belts.com\/de\/wp-json\/wp\/v2\/media?parent=711"}],"curies":[{"name":"wp","href":"https:\/\/api.w.org\/{rel}","templated":true}]}}